{"id":2,"date":"2019-09-23T11:17:20","date_gmt":"2019-09-23T14:17:20","guid":{"rendered":"https:\/\/w3comunicacaointegrada.com.br\/blog\/?page_id=2"},"modified":"2019-10-14T14:12:46","modified_gmt":"2019-10-14T17:12:46","slug":"contato","status":"publish","type":"page","link":"https:\/\/w3comunicacaointegrada.com.br\/blog\/contato\/","title":{"rendered":"Fale Conosco"},"content":{"rendered":"<p><a href=\"http:\/\/api.whatsapp.com\/send?1=pt_BR&amp;phone=5511992692292\" target=\"_blank\" role=\"button\" rel=\"noopener noreferrer\"><br \/>\n\t\t\t\t\t\tWHATSAPP<br \/>\n\t\t\t\t\t<\/a><br \/>\n\t\t\t<a href=\"mailto:batelli%40winex.com.br?\" target=\"_blank\" role=\"button\" rel=\"noopener noreferrer\"><br \/>\n\t\t\t\t\t\tEMAIL<br \/>\n\t\t\t\t\t<\/a><\/p>\n<p>Ou deixe suas informa\u00e7\u00f5es e entraremos em contato o mais breve poss\u00edvel:<\/p>\n","protected":false},"excerpt":{"rendered":"<p>WHATSAPP EMAIL Ou deixe suas informa\u00e7\u00f5es e entraremos em contato o mais breve poss\u00edvel:<\/p>\n","protected":false},"author":1,"featured_media":0,"parent":0,"menu_order":0,"comment_status":"closed","ping_status":"open","template":"","meta":{"_mo_disable_npp":"","footnotes":""},"class_list":["post-2","page","type-page","status-publish","hentry"],"_links":{"self":[{"href":"https:\/\/w3comunicacaointegrada.com.br\/blog\/wp-json\/wp\/v2\/pages\/2","targetHints":{"allow":["GET"]}}],"collection":[{"href":"https:\/\/w3comunicacaointegrada.com.br\/blog\/wp-json\/wp\/v2\/pages"}],"about":[{"href":"https:\/\/w3comunicacaointegrada.com.br\/blog\/wp-json\/wp\/v2\/types\/page"}],"author":[{"embeddable":true,"href":"https:\/\/w3comunicacaointegrada.com.br\/blog\/wp-json\/wp\/v2\/users\/1"}],"replies":[{"embeddable":true,"href":"https:\/\/w3comunicacaointegrada.com.br\/blog\/wp-json\/wp\/v2\/comments?post=2"}],"version-history":[{"count":26,"href":"https:\/\/w3comunicacaointegrada.com.br\/blog\/wp-json\/wp\/v2\/pages\/2\/revisions"}],"predecessor-version":[{"id":140,"href":"https:\/\/w3comunicacaointegrada.com.br\/blog\/wp-json\/wp\/v2\/pages\/2\/revisions\/140"}],"wp:attachment":[{"href":"https:\/\/w3comunicacaointegrada.com.br\/blog\/wp-json\/wp\/v2\/media?parent=2"}],"curies":[{"name":"wp","href":"https:\/\/api.w.org\/{rel}","templated":true}]}}